{"id":60,"date":"2023-01-01T21:31:42","date_gmt":"2023-01-01T20:31:42","guid":{"rendered":"https:\/\/sp9kup.sp9ajp.pl\/?page_id=60"},"modified":"2023-07-02T16:22:17","modified_gmt":"2023-07-02T14:22:17","slug":"o-nas-sie-mowi-i-pisze","status":"publish","type":"page","link":"https:\/\/sp9kup.sp9ajp.pl\/?page_id=60","title":{"rendered":"O nas si\u0119 m\u00f3wi i pisze"},"content":{"rendered":"\n<div class=\"wp-block-media-text is-stacked-on-mobile is-vertically-aligned-center\" style=\"grid-template-columns:22% auto\"><figure class=\"wp-block-media-text__media\"><img loading=\"lazy\" decoding=\"async\" width=\"860\" height=\"332\" src=\"https:\/\/sp9kup.sp9ajp.pl\/wp-content\/uploads\/2023\/07\/Logo-Twojego-Radia-Andrychow-od-wrzesnia-2005.jpg\" alt=\"\" class=\"wp-image-176 size-full\" srcset=\"https:\/\/sp9kup.sp9ajp.pl\/wp-content\/uploads\/2023\/07\/Logo-Twojego-Radia-Andrychow-od-wrzesnia-2005.jpg 860w, https:\/\/sp9kup.sp9ajp.pl\/wp-content\/uploads\/2023\/07\/Logo-Twojego-Radia-Andrychow-od-wrzesnia-2005-300x116.jpg 300w, https:\/\/sp9kup.sp9ajp.pl\/wp-content\/uploads\/2023\/07\/Logo-Twojego-Radia-Andrychow-od-wrzesnia-2005-768x296.jpg 768w\" sizes=\"auto, (max-width: 860px) 100vw, 860px\" \/><\/figure><div class=\"wp-block-media-text__content\">\n<p><\/p>\n\n\n\n<p><\/p>\n\n\n\n<ul class=\"wp-block-list\">\n<li><a href=\"https:\/\/radioandrychow.pl\/audycje\/stanislaw-krol-zbigniew-bernacik-filip-laszczak-sp9kup-pasja-lacznosci\/\" data-type=\"URL\" data-id=\"https:\/\/radioandrychow.pl\/audycje\/stanislaw-krol-zbigniew-bernacik-filip-laszczak-sp9kup-pasja-lacznosci\/\" target=\"_blank\" rel=\"noreferrer noopener\">S. Kr\u00f3l, Z. Bernacik, F. Laszczak &#8211; SP9KUP &#8211; pasja \u0142\u0105czno\u015bci<\/a><\/li>\n\n\n\n<li><a rel=\"noreferrer noopener\" href=\"https:\/\/radioandrychow.pl\/audycje\/stanislaw-krol-klub-delta-sp9kup-preznie-dziala\/\" data-type=\"URL\" data-id=\"https:\/\/radioandrychow.pl\/audycje\/stanislaw-krol-klub-delta-sp9kup-preznie-dziala\/\" target=\"_blank\">Stanis\u0142aw Kr\u00f3l &#8211; Klub Delta SP9KUP pr\u0119\u017cnie dzia\u0142a <\/a><\/li>\n\n\n\n<li><a rel=\"noreferrer noopener\" href=\"https:\/\/radioandrychow.pl\/audycje\/kamil-cwiertka-piotr-szczurkowski-delta-andrychow-sp9kup-w-akcji\/\" target=\"_blank\">Kamil \u0106wiertka, Piotr Szczurkowski &#8211; Delta Andrych\u00f3w SP9KUP w akcji<\/a><\/li>\n<\/ul>\n<\/div><\/div>\n\n\n\n<div style=\"height:35px\" aria-hidden=\"true\" class=\"wp-block-spacer\"><\/div>\n\n\n\n<div class=\"wp-block-media-text is-stacked-on-mobile is-vertically-aligned-center\" style=\"grid-template-columns:23% auto\"><figure class=\"wp-block-media-text__media\"><img loading=\"lazy\" decoding=\"async\" width=\"398\" height=\"70\" src=\"https:\/\/sp9kup.sp9ajp.pl\/wp-content\/uploads\/2023\/07\/logo-1.jpg\" alt=\"\" class=\"wp-image-182 size-full\" srcset=\"https:\/\/sp9kup.sp9ajp.pl\/wp-content\/uploads\/2023\/07\/logo-1.jpg 398w, https:\/\/sp9kup.sp9ajp.pl\/wp-content\/uploads\/2023\/07\/logo-1-300x53.jpg 300w\" sizes=\"auto, (max-width: 398px) 100vw, 398px\" \/><\/figure><div class=\"wp-block-media-text__content\">\n<p><\/p>\n\n\n\n<p><\/p>\n\n\n\n<ul class=\"wp-block-list\">\n<li><a rel=\"noreferrer noopener\" href=\"https:\/\/radioandrychow.pl\/andrychowscy-delciarze-z-pucharem\/\" data-type=\"URL\" data-id=\"https:\/\/radioandrychow.pl\/andrychowscy-delciarze-z-pucharem\/\" target=\"_blank\">Andrychowscy &#8222;delciarze&#8221; z pucharem<\/a> &#8211; 2022 r <\/li>\n\n\n\n<li><a rel=\"noreferrer noopener\" href=\"https:\/\/radioandrychow.pl\/niezly-kosmos-w-bibliotece\/\" data-type=\"URL\" data-id=\"https:\/\/radioandrychow.pl\/niezly-kosmos-w-bibliotece\/\" target=\"_blank\">Niez\u0142y KOSMOS w bibliotece<\/a> &#8211; 2019 r. <\/li>\n\n\n\n<li><a rel=\"noreferrer noopener\" href=\"https:\/\/radioandrychow.pl\/medalowa-delta-sp9kup\/\" data-type=\"URL\" data-id=\"https:\/\/radioandrychow.pl\/medalowa-delta-sp9kup\/\" target=\"_blank\">Medalowa Delta SP9KUP<\/a> &#8211; 2019 r. <\/li>\n\n\n\n<li><a rel=\"noreferrer noopener\" href=\"https:\/\/radioandrychow.pl\/ewakuacja-w-urzedzie-miejskim\/\" data-type=\"URL\" data-id=\"https:\/\/radioandrychow.pl\/ewakuacja-w-urzedzie-miejskim\/\" target=\"_blank\">Ewakuacja w Urz\u0119dzie Miejskim <\/a>  &#8211; 2017 r.<\/li>\n\n\n\n<li><a rel=\"noreferrer noopener\" href=\"https:\/\/radioandrychow.pl\/mistrzowie-polski-po-raz-kolejny\/\" data-type=\"URL\" data-id=\"https:\/\/radioandrychow.pl\/mistrzowie-polski-po-raz-kolejny\/\" target=\"_blank\">Mistrzowie Polski po raz kolejny<\/a>  &#8211; 2017 r. <\/li>\n<\/ul>\n<\/div><\/div>\n","protected":false},"excerpt":{"rendered":"","protected":false},"author":1,"featured_media":0,"parent":0,"menu_order":0,"comment_status":"closed","ping_status":"closed","template":"","meta":{"footnotes":""},"class_list":["post-60","page","type-page","status-publish"],"_links":{"self":[{"href":"https:\/\/sp9kup.sp9ajp.pl\/index.php?rest_route=\/wp\/v2\/pages\/60","targetHints":{"allow":["GET"]}}],"collection":[{"href":"https:\/\/sp9kup.sp9ajp.pl\/index.php?rest_route=\/wp\/v2\/pages"}],"about":[{"href":"https:\/\/sp9kup.sp9ajp.pl\/index.php?rest_route=\/wp\/v2\/types\/page"}],"author":[{"embeddable":true,"href":"https:\/\/sp9kup.sp9ajp.pl\/index.php?rest_route=\/wp\/v2\/users\/1"}],"replies":[{"embeddable":true,"href":"https:\/\/sp9kup.sp9ajp.pl\/index.php?rest_route=%2Fwp%2Fv2%2Fcomments&post=60"}],"version-history":[{"count":7,"href":"https:\/\/sp9kup.sp9ajp.pl\/index.php?rest_route=\/wp\/v2\/pages\/60\/revisions"}],"predecessor-version":[{"id":189,"href":"https:\/\/sp9kup.sp9ajp.pl\/index.php?rest_route=\/wp\/v2\/pages\/60\/revisions\/189"}],"wp:attachment":[{"href":"https:\/\/sp9kup.sp9ajp.pl\/index.php?rest_route=%2Fwp%2Fv2%2Fmedia&parent=60"}],"curies":[{"name":"wp","href":"https:\/\/api.w.org\/{rel}","templated":true}]}}