{"id":54,"date":"2023-07-01T21:01:04","date_gmt":"2023-07-01T19:01:04","guid":{"rendered":"https:\/\/sp9kup.sp9ajp.pl\/?page_id=54"},"modified":"2023-07-03T17:37:42","modified_gmt":"2023-07-03T15:37:42","slug":"osiagniecia","status":"publish","type":"page","link":"https:\/\/sp9kup.sp9ajp.pl\/?page_id=54","title":{"rendered":"Osi\u0105gni\u0119cia"},"content":{"rendered":"\n<p>Nasze zaanga\u017cowanie, praca i do\u015bwiadczenie i udzia\u0142 we wszelkich og\u00f3lnopolskich i zagranicznych zawodach kr\u00f3tkofalarskich, akcjach dyplomowych  skutkuj\u0105 tym \u017ce mamy w tej dziedzinie spore osi\u0105gni\u0119cia. <\/p>\n\n\n\n<p>Wielokrotnie zdobywali\u015bmy tytu\u0142 Mistrza Polski, mamy wiele trofe\u00f3w, kt\u00f3re zdobi\u0105 pomieszczenie klubowe <\/p>\n\n\n\n<figure class=\"wp-block-image size-large\"><img loading=\"lazy\" decoding=\"async\" width=\"1024\" height=\"620\" src=\"https:\/\/sp9kup.sp9ajp.pl\/wp-content\/uploads\/2023\/07\/puchary3-1024x620.jpg\" alt=\"\" class=\"wp-image-301\" srcset=\"https:\/\/sp9kup.sp9ajp.pl\/wp-content\/uploads\/2023\/07\/puchary3-1024x620.jpg 1024w, https:\/\/sp9kup.sp9ajp.pl\/wp-content\/uploads\/2023\/07\/puchary3-300x182.jpg 300w, https:\/\/sp9kup.sp9ajp.pl\/wp-content\/uploads\/2023\/07\/puchary3-768x465.jpg 768w, https:\/\/sp9kup.sp9ajp.pl\/wp-content\/uploads\/2023\/07\/puchary3-1536x930.jpg 1536w, https:\/\/sp9kup.sp9ajp.pl\/wp-content\/uploads\/2023\/07\/puchary3.jpg 1652w\" sizes=\"auto, (max-width: 1024px) 100vw, 1024px\" \/><\/figure>\n","protected":false},"excerpt":{"rendered":"<p>Nasze zaanga\u017cowanie, praca i do\u015bwiadczenie i udzia\u0142 we wszelkich og\u00f3lnopolskich i zagranicznych zawodach kr\u00f3tkofalarskich, akcjach dyplomowych skutkuj\u0105 tym \u017ce mamy &#8230; <\/p>\n<p class=\"read-more-container\"><a title=\"Osi\u0105gni\u0119cia\" class=\"read-more button\" href=\"https:\/\/sp9kup.sp9ajp.pl\/?page_id=54#more-54\" aria-label=\"More on Osi\u0105gni\u0119cia\">Zobacz wi\u0119cej<\/a><\/p>\n","protected":false},"author":1,"featured_media":0,"parent":0,"menu_order":0,"comment_status":"closed","ping_status":"closed","template":"","meta":{"footnotes":""},"class_list":["post-54","page","type-page","status-publish"],"_links":{"self":[{"href":"https:\/\/sp9kup.sp9ajp.pl\/index.php?rest_route=\/wp\/v2\/pages\/54","targetHints":{"allow":["GET"]}}],"collection":[{"href":"https:\/\/sp9kup.sp9ajp.pl\/index.php?rest_route=\/wp\/v2\/pages"}],"about":[{"href":"https:\/\/sp9kup.sp9ajp.pl\/index.php?rest_route=\/wp\/v2\/types\/page"}],"author":[{"embeddable":true,"href":"https:\/\/sp9kup.sp9ajp.pl\/index.php?rest_route=\/wp\/v2\/users\/1"}],"replies":[{"embeddable":true,"href":"https:\/\/sp9kup.sp9ajp.pl\/index.php?rest_route=%2Fwp%2Fv2%2Fcomments&post=54"}],"version-history":[{"count":3,"href":"https:\/\/sp9kup.sp9ajp.pl\/index.php?rest_route=\/wp\/v2\/pages\/54\/revisions"}],"predecessor-version":[{"id":316,"href":"https:\/\/sp9kup.sp9ajp.pl\/index.php?rest_route=\/wp\/v2\/pages\/54\/revisions\/316"}],"wp:attachment":[{"href":"https:\/\/sp9kup.sp9ajp.pl\/index.php?rest_route=%2Fwp%2Fv2%2Fmedia&parent=54"}],"curies":[{"name":"wp","href":"https:\/\/api.w.org\/{rel}","templated":true}]}}