{"id":216,"date":"2023-07-03T07:16:03","date_gmt":"2023-07-03T05:16:03","guid":{"rendered":"https:\/\/sp9kup.sp9ajp.pl\/?page_id=216"},"modified":"2023-07-03T07:59:42","modified_gmt":"2023-07-03T05:59:42","slug":"start","status":"publish","type":"page","link":"https:\/\/sp9kup.sp9ajp.pl\/?page_id=216","title":{"rendered":"SP9KUP"},"content":{"rendered":"\n<p class=\"has-accent-color has-text-color\"><span class=\"x4k7w5x x1h91t0o x1h9r5lt x1jfb8zj xv2umb2 x1beo9mf xaigb6o x12ejxvf x3igimt xarpa2k xedcshv x1lytzrv x1t2pt76 x7ja8zs x1qrby5j\"><strong>Klub SP9KUP, to miejsce w kt\u00f3rym spotykaj\u0105 si\u0119 ludzie nie dlatego \u017ce musz\u0105, ale  dlatego \u017ce chc\u0105.<\/strong> <\/span><\/p>\n\n\n\n<p><span class=\"x4k7w5x x1h91t0o x1h9r5lt x1jfb8zj xv2umb2 x1beo9mf xaigb6o x12ejxvf x3igimt xarpa2k xedcshv x1lytzrv x1t2pt76 x7ja8zs x1qrby5j\">Tworzymy grup\u0119 pasjonat\u00f3w radiokomunikacji jednocze\u015bnie jeste\u015bmy otwarci  na wszystkich kt\u00f3rzy chc\u0105 dowiedzie\u0107 si\u0119 czego\u015b na temat  kr\u00f3tkofalarstwa.  <\/span><\/p>\n\n\n\n<p><span class=\"x4k7w5x x1h91t0o x1h9r5lt x1jfb8zj xv2umb2 x1beo9mf xaigb6o x12ejxvf x3igimt xarpa2k xedcshv x1lytzrv x1t2pt76 x7ja8zs x1qrby5j\">Zapewniamy mi\u0142\u0105 atmosfer\u0119, ch\u0119tnie dzielimy si\u0119 swoj\u0105  wiedz\u0105 i do\u015bwiadczeniami z ka\u017cdym bez wzgl\u0119du na poziom zaawansowania. <\/span><\/p>\n\n\n\n<p><span class=\"x4k7w5x x1h91t0o x1h9r5lt x1jfb8zj xv2umb2 x1beo9mf xaigb6o x12ejxvf x3igimt xarpa2k xedcshv x1lytzrv x1t2pt76 x7ja8zs x1qrby5j\">Spotykamy si\u0119 regularnie i jeste\u015bmy aktywni we wszelkich wydarzeniach  zwi\u0105zanych z naszym hobby<\/span>.<\/p>\n\n\n\n<p class=\"has-text-align-center has-text-color\" style=\"color:#aa2e2e\"><strong>Zapraszamy do siedziby klubu w ka\u017cdy czwartek od godz.17.00 do 20.00<\/strong><\/p>\n","protected":false},"excerpt":{"rendered":"<p>Klub SP9KUP, to miejsce w kt\u00f3rym spotykaj\u0105 si\u0119 ludzie nie dlatego \u017ce musz\u0105, ale dlatego \u017ce chc\u0105. Tworzymy grup\u0119 pasjonat\u00f3w &#8230; <\/p>\n<p class=\"read-more-container\"><a title=\"SP9KUP\" class=\"read-more button\" href=\"https:\/\/sp9kup.sp9ajp.pl\/?page_id=216#more-216\" aria-label=\"More on SP9KUP\">Zobacz wi\u0119cej<\/a><\/p>\n","protected":false},"author":2,"featured_media":0,"parent":0,"menu_order":0,"comment_status":"closed","ping_status":"closed","template":"","meta":{"footnotes":""},"class_list":["post-216","page","type-page","status-publish"],"_links":{"self":[{"href":"https:\/\/sp9kup.sp9ajp.pl\/index.php?rest_route=\/wp\/v2\/pages\/216","targetHints":{"allow":["GET"]}}],"collection":[{"href":"https:\/\/sp9kup.sp9ajp.pl\/index.php?rest_route=\/wp\/v2\/pages"}],"about":[{"href":"https:\/\/sp9kup.sp9ajp.pl\/index.php?rest_route=\/wp\/v2\/types\/page"}],"author":[{"embeddable":true,"href":"https:\/\/sp9kup.sp9ajp.pl\/index.php?rest_route=\/wp\/v2\/users\/2"}],"replies":[{"embeddable":true,"href":"https:\/\/sp9kup.sp9ajp.pl\/index.php?rest_route=%2Fwp%2Fv2%2Fcomments&post=216"}],"version-history":[{"count":3,"href":"https:\/\/sp9kup.sp9ajp.pl\/index.php?rest_route=\/wp\/v2\/pages\/216\/revisions"}],"predecessor-version":[{"id":222,"href":"https:\/\/sp9kup.sp9ajp.pl\/index.php?rest_route=\/wp\/v2\/pages\/216\/revisions\/222"}],"wp:attachment":[{"href":"https:\/\/sp9kup.sp9ajp.pl\/index.php?rest_route=%2Fwp%2Fv2%2Fmedia&parent=216"}],"curies":[{"name":"wp","href":"https:\/\/api.w.org\/{rel}","templated":true}]}}